{"id":16053,"date":"2026-04-29T10:01:13","date_gmt":"2026-04-29T08:01:13","guid":{"rendered":"https:\/\/ipso.ro\/?page_id=16053"},"modified":"2026-04-30T11:15:48","modified_gmt":"2026-04-30T09:15:48","slug":"folie-balotat-xtrafilm","status":"publish","type":"page","link":"https:\/\/ipso.ro\/en\/folie-balotat-xtrafilm\/","title":{"rendered":"Folie de balotat &#8211; XTRAFILM\u2122"},"content":{"rendered":"<div data-elementor-type=\"wp-page\" data-elementor-id=\"16053\" class=\"elementor elementor-16053\" data-elementor-post-type=\"page\">\n\t\t\t\t<div class=\"elementor-element elementor-element-359e4a1 e-flex e-con-boxed e-con e-parent\" data-id=\"359e4a1\" data-element_type=\"container\" data-e-type=\"container\">\n\t\t\t\t\t<div class=\"e-con-inner\">\n\t\t\t\t<div class=\"elementor-element elementor-element-e6e9926 elementor-widget elementor-widget-image\" data-id=\"e6e9926\" data-element_type=\"widget\" data-e-type=\"widget\" data-widget_type=\"image.default\">\n\t\t\t\t\t\t\t\t\t\t\t\t\t\t\t<img fetchpriority=\"high\" decoding=\"async\" width=\"768\" height=\"545\" src=\"https:\/\/i0.wp.com\/ipso.ro\/wp-content\/uploads\/2026\/04\/TAMA-_-John-Deere-XTRAFILM%E2%84%A2.webp?fit=768%2C545&amp;ssl=1\" class=\"attachment-medium_large size-medium_large wp-image-15994\" alt=\"TAMA _ John Deere XTRAFILM\u2122\" \/>\t\t\t\t\t\t\t\t\t\t\t\t\t\t\t<\/div>\n\t\t\t\t<div class=\"elementor-element elementor-element-b91edef elementor-widget elementor-widget-text-editor\" data-id=\"b91edef\" data-element_type=\"widget\" data-e-type=\"widget\" data-widget_type=\"text-editor.default\">\n\t\t\t\t\t\t\t\t\t<p><a href=\"https:\/\/ipso.ro\/en\/consumabile-balotat-tama-john-deere\/\"><strong>\u2190 \u00cenapoi<\/strong><\/a><\/p><p>Folia de balotat <strong>John Deere XtraFilm de la TAMA<\/strong>\u00a0este o folie stretch premium pentru siloz, rezistent\u0103 la rupere, cu aderen\u021b\u0103 excelent\u0103 \u0219i protec\u021bie UV ridicat\u0103. Disponibil\u0103 \u00een l\u0103\u021bimi de <strong>500 mm<\/strong> and <strong>750 mm<\/strong>, este solu\u021bia ideal\u0103 pentru ferme zootehnice care caut\u0103 o folie agricol\u0103 de calitate superioar\u0103 pentru balo\u021bi.<\/p>\t\t\t\t\t\t\t\t<\/div>\n\t\t\t\t<div class=\"elementor-element elementor-element-1d76e08 elementor-widget elementor-widget-text-editor\" data-id=\"1d76e08\" data-element_type=\"widget\" data-e-type=\"widget\" data-widget_type=\"text-editor.default\">\n\t\t\t\t\t\t\t\t\t<h3><strong>Produse disponibile:<\/strong><\/h3><ul><li><p>JOHN DEERE XTRAFILM 500\u00d71800 \u2013 WHITE<\/p><\/li><li><p>JOHN DEERE XTRAFILM 500\u00d71800 \u2013 GREEN<\/p><\/li><li><p>JOHN DEERE XTRAFILM 750\u00d71500 \u2013 WHITE<\/p><\/li><li><p>JOHN DEERE XTRAFILM 750\u00d71500 \u2013 GREEN<\/p><\/li><li><p>JOHN DEERE XTRAFILM 750\u00d71650 \u2013 GREEN<\/p><\/li><li><p>JOHN DEERE PRO 750\u00d71800 \u2013 SLEEVE<\/p><\/li><li><p>JOHN DEERE PRO 750\u00d72000 \u2013 SLEEVE<\/p><\/li><\/ul>\t\t\t\t\t\t\t\t<\/div>\n\t\t\t\t<div class=\"elementor-element elementor-element-efa1ae7 elementor-widget elementor-widget-text-editor\" data-id=\"efa1ae7\" data-element_type=\"widget\" data-e-type=\"widget\" data-widget_type=\"text-editor.default\">\n\t\t\t\t\t\t\t\t\t<h3><strong>Beneficii tehnice ale foliei de balotat TAMA:<\/strong><\/h3><ul><li><p>Extra rezisten\u021b\u0103 la \u00eentindere \u0219i perforare \u2014 folie balo\u021bi rezistent\u0103 UV.<\/p><\/li><li><p>Aderen\u021b\u0103 excelent\u0103 \u2192 etan\u0219are perfect\u0103 pentru siloz \u2192 protec\u021bie balo\u021bi siloz de lung\u0103 durat\u0103.<\/p><\/li><li><p>Mai mul\u021bi balo\u021bi per rol\u0103 \u2192 economii de timp \u0219i consum redus de folie agricol\u0103.<\/p><\/li><\/ul>\t\t\t\t\t\t\t\t<\/div>\n\t\t<div class=\"elementor-element elementor-element-9447acd e-con-full e-flex e-con e-child\" data-id=\"9447acd\" data-element_type=\"container\" data-e-type=\"container\">\n\t\t\t\t<div class=\"elementor-element elementor-element-6b835be elementor-widget elementor-widget-text-editor\" data-id=\"6b835be\" data-element_type=\"widget\" data-e-type=\"widget\" data-widget_type=\"text-editor.default\">\n\t\t\t\t\t\t\t\t\t<h3><strong>Solicit\u0103 o ofert\u0103 pentru consumabilele de balotat TAMA<\/strong><\/h3>\t\t\t\t\t\t\t\t<\/div>\n\t\t\t\t<div class=\"elementor-element elementor-element-6331fe5 elementor-align-left elementor-widget elementor-widget-button\" data-id=\"6331fe5\" data-element_type=\"widget\" data-e-type=\"widget\" data-widget_type=\"button.default\">\n\t\t\t\t\t\t\t\t\t\t<a class=\"elementor-button elementor-button-link elementor-size-sm\" href=\"https:\/\/ipso.ro\/en\/parts-and-service\/spare-parts\/#contact-form\">\n\t\t\t\t\t\t<span class=\"elementor-button-content-wrapper\">\n\t\t\t\t\t\t\t\t\t<span class=\"elementor-button-text\">Solicit\u0103 Ofert\u0103<\/span>\n\t\t\t\t\t<\/span>\n\t\t\t\t\t<\/a>\n\t\t\t\t\t\t\t\t<\/div>\n\t\t\t\t<div class=\"elementor-element elementor-element-feeeea7 elementor-widget elementor-widget-text-editor\" data-id=\"feeeea7\" data-element_type=\"widget\" data-e-type=\"widget\" data-widget_type=\"text-editor.default\">\n\t\t\t\t\t\t\t\t\t<p><strong>\ud83d\udc49 <\/strong>Completeaz\u0103 formularul \u0219i prime\u0219ti o ofert\u0103 personalizat\u0103 pentru produsele de balotat Tama, de care ai nevoie.<\/p>\t\t\t\t\t\t\t\t<\/div>\n\t\t\t\t<\/div>\n\t\t\t\t\t<\/div>\n\t\t\t\t<\/div>\n\t\t\t\t<\/div>","protected":false},"excerpt":{"rendered":"<p>\u2190 \u00cenapoi Folia de balotat John Deere XtraFilm de la TAMA\u00a0este o folie stretch premium pentru siloz, rezistent\u0103 la rupere, cu aderen\u021b\u0103 excelent\u0103 \u0219i protec\u021bie UV ridicat\u0103. Disponibil\u0103 \u00een l\u0103\u021bimi de 500 mm \u0219i 750 mm, este solu\u021bia ideal\u0103 pentru ferme zootehnice care caut\u0103 o folie agricol\u0103 de calitate superioar\u0103 pentru balo\u021bi. Produse disponibile: JOHN [&hellip;]<\/p>\n","protected":false},"author":12,"featured_media":0,"parent":0,"menu_order":0,"comment_status":"closed","ping_status":"closed","template":"","meta":{"_crdt_document":"","footnotes":""},"class_list":["post-16053","page","type-page","status-publish","hentry"],"yoast_head":"<!-- This site is optimized with the Yoast SEO plugin v27.6 - https:\/\/yoast.com\/product\/yoast-seo-wordpress\/ -->\n<title>Folie de balotat - XTRAFILM\u2122 - IPSO<\/title>\n<meta name=\"description\" content=\"Folia de balotat Tama XtraFilm este solu\u021bia ideal\u0103 pentru ferme zootehnice care caut\u0103 o folie agricol\u0103 de calitate superioar\u0103 pentru balo\u021bi.\" \/>\n<meta name=\"robots\" content=\"index, follow, max-snippet:-1, max-image-preview:large, max-video-preview:-1\" \/>\n<link rel=\"canonical\" href=\"https:\/\/ipso.ro\/en\/folie-balotat-xtrafilm\/\" \/>\n<meta property=\"og:locale\" content=\"en_GB\" \/>\n<meta property=\"og:type\" content=\"article\" \/>\n<meta property=\"og:title\" content=\"Folie de balotat - XTRAFILM\u2122 - IPSO\" \/>\n<meta property=\"og:description\" content=\"Folia de balotat Tama XtraFilm este solu\u021bia ideal\u0103 pentru ferme zootehnice care caut\u0103 o folie agricol\u0103 de calitate superioar\u0103 pentru balo\u021bi.\" \/>\n<meta property=\"og:url\" content=\"https:\/\/ipso.ro\/en\/folie-balotat-xtrafilm\/\" \/>\n<meta property=\"og:site_name\" content=\"IPSO\" \/>\n<meta property=\"article:publisher\" content=\"https:\/\/www.facebook.com\/IPSOAgricultura\" \/>\n<meta property=\"article:modified_time\" content=\"2026-04-30T09:15:48+00:00\" \/>\n<meta name=\"twitter:card\" content=\"summary_large_image\" \/>\n<meta name=\"twitter:label1\" content=\"Estimated reading time\" \/>\n\t<meta name=\"twitter:data1\" content=\"2 minutes\" \/>\n<script type=\"application\/ld+json\" class=\"yoast-schema-graph\">{\"@context\":\"https:\\\/\\\/schema.org\",\"@graph\":[{\"@type\":\"WebPage\",\"@id\":\"https:\\\/\\\/ipso.ro\\\/folie-balotat-xtrafilm\\\/\",\"url\":\"https:\\\/\\\/ipso.ro\\\/folie-balotat-xtrafilm\\\/\",\"name\":\"Folie de balotat - XTRAFILM\u2122 - IPSO\",\"isPartOf\":{\"@id\":\"https:\\\/\\\/ipso.ro\\\/#website\"},\"datePublished\":\"2026-04-29T08:01:13+00:00\",\"dateModified\":\"2026-04-30T09:15:48+00:00\",\"description\":\"Folia de balotat Tama XtraFilm este solu\u021bia ideal\u0103 pentru ferme zootehnice care caut\u0103 o folie agricol\u0103 de calitate superioar\u0103 pentru balo\u021bi.\",\"breadcrumb\":{\"@id\":\"https:\\\/\\\/ipso.ro\\\/folie-balotat-xtrafilm\\\/#breadcrumb\"},\"inLanguage\":\"en-GB\",\"potentialAction\":[{\"@type\":\"ReadAction\",\"target\":[\"https:\\\/\\\/ipso.ro\\\/folie-balotat-xtrafilm\\\/\"]}]},{\"@type\":\"BreadcrumbList\",\"@id\":\"https:\\\/\\\/ipso.ro\\\/folie-balotat-xtrafilm\\\/#breadcrumb\",\"itemListElement\":[{\"@type\":\"ListItem\",\"position\":1,\"name\":\"Home\",\"item\":\"https:\\\/\\\/ipso.ro\\\/\"},{\"@type\":\"ListItem\",\"position\":2,\"name\":\"Folie de balotat &#8211; XTRAFILM\u2122\"}]},{\"@type\":\"WebSite\",\"@id\":\"https:\\\/\\\/ipso.ro\\\/#website\",\"url\":\"https:\\\/\\\/ipso.ro\\\/\",\"name\":\"IPSO\",\"description\":\"\",\"publisher\":{\"@id\":\"https:\\\/\\\/ipso.ro\\\/#organization\"},\"potentialAction\":[{\"@type\":\"SearchAction\",\"target\":{\"@type\":\"EntryPoint\",\"urlTemplate\":\"https:\\\/\\\/ipso.ro\\\/?s={search_term_string}\"},\"query-input\":{\"@type\":\"PropertyValueSpecification\",\"valueRequired\":true,\"valueName\":\"search_term_string\"}}],\"inLanguage\":\"en-GB\"},{\"@type\":\"Organization\",\"@id\":\"https:\\\/\\\/ipso.ro\\\/#organization\",\"name\":\"IPSO\",\"url\":\"https:\\\/\\\/ipso.ro\\\/\",\"logo\":{\"@type\":\"ImageObject\",\"inLanguage\":\"en-GB\",\"@id\":\"https:\\\/\\\/ipso.ro\\\/#\\\/schema\\\/logo\\\/image\\\/\",\"url\":\"https:\\\/\\\/ipso.ro\\\/wp-content\\\/uploads\\\/2025\\\/12\\\/IPSO-logo-resized.png\",\"contentUrl\":\"https:\\\/\\\/ipso.ro\\\/wp-content\\\/uploads\\\/2025\\\/12\\\/IPSO-logo-resized.png\",\"width\":1188,\"height\":327,\"caption\":\"IPSO\"},\"image\":{\"@id\":\"https:\\\/\\\/ipso.ro\\\/#\\\/schema\\\/logo\\\/image\\\/\"},\"sameAs\":[\"https:\\\/\\\/www.facebook.com\\\/IPSOAgricultura\"]}]}<\/script>\n<!-- \/ Yoast SEO plugin. -->","yoast_head_json":{"title":"Folie de balotat - XTRAFILM\u2122 - IPSO","description":"Folia de balotat Tama XtraFilm este solu\u021bia ideal\u0103 pentru ferme zootehnice care caut\u0103 o folie agricol\u0103 de calitate superioar\u0103 pentru balo\u021bi.","robots":{"index":"index","follow":"follow","max-snippet":"max-snippet:-1","max-image-preview":"max-image-preview:large","max-video-preview":"max-video-preview:-1"},"canonical":"https:\/\/ipso.ro\/en\/folie-balotat-xtrafilm\/","og_locale":"en_GB","og_type":"article","og_title":"Folie de balotat - XTRAFILM\u2122 - IPSO","og_description":"Folia de balotat Tama XtraFilm este solu\u021bia ideal\u0103 pentru ferme zootehnice care caut\u0103 o folie agricol\u0103 de calitate superioar\u0103 pentru balo\u021bi.","og_url":"https:\/\/ipso.ro\/en\/folie-balotat-xtrafilm\/","og_site_name":"IPSO","article_publisher":"https:\/\/www.facebook.com\/IPSOAgricultura","article_modified_time":"2026-04-30T09:15:48+00:00","twitter_card":"summary_large_image","twitter_misc":{"Estimated reading time":"2 minutes"},"schema":{"@context":"https:\/\/schema.org","@graph":[{"@type":"WebPage","@id":"https:\/\/ipso.ro\/folie-balotat-xtrafilm\/","url":"https:\/\/ipso.ro\/folie-balotat-xtrafilm\/","name":"Folie de balotat - XTRAFILM\u2122 - IPSO","isPartOf":{"@id":"https:\/\/ipso.ro\/#website"},"datePublished":"2026-04-29T08:01:13+00:00","dateModified":"2026-04-30T09:15:48+00:00","description":"Folia de balotat Tama XtraFilm este solu\u021bia ideal\u0103 pentru ferme zootehnice care caut\u0103 o folie agricol\u0103 de calitate superioar\u0103 pentru balo\u021bi.","breadcrumb":{"@id":"https:\/\/ipso.ro\/folie-balotat-xtrafilm\/#breadcrumb"},"inLanguage":"en-GB","potentialAction":[{"@type":"ReadAction","target":["https:\/\/ipso.ro\/folie-balotat-xtrafilm\/"]}]},{"@type":"BreadcrumbList","@id":"https:\/\/ipso.ro\/folie-balotat-xtrafilm\/#breadcrumb","itemListElement":[{"@type":"ListItem","position":1,"name":"Home","item":"https:\/\/ipso.ro\/"},{"@type":"ListItem","position":2,"name":"Folie de balotat &#8211; XTRAFILM\u2122"}]},{"@type":"WebSite","@id":"https:\/\/ipso.ro\/#website","url":"https:\/\/ipso.ro\/","name":"IPSO","description":"","publisher":{"@id":"https:\/\/ipso.ro\/#organization"},"potentialAction":[{"@type":"SearchAction","target":{"@type":"EntryPoint","urlTemplate":"https:\/\/ipso.ro\/?s={search_term_string}"},"query-input":{"@type":"PropertyValueSpecification","valueRequired":true,"valueName":"search_term_string"}}],"inLanguage":"en-GB"},{"@type":"Organization","@id":"https:\/\/ipso.ro\/#organization","name":"IPSO","url":"https:\/\/ipso.ro\/","logo":{"@type":"ImageObject","inLanguage":"en-GB","@id":"https:\/\/ipso.ro\/#\/schema\/logo\/image\/","url":"https:\/\/ipso.ro\/wp-content\/uploads\/2025\/12\/IPSO-logo-resized.png","contentUrl":"https:\/\/ipso.ro\/wp-content\/uploads\/2025\/12\/IPSO-logo-resized.png","width":1188,"height":327,"caption":"IPSO"},"image":{"@id":"https:\/\/ipso.ro\/#\/schema\/logo\/image\/"},"sameAs":["https:\/\/www.facebook.com\/IPSOAgricultura"]}]}},"jetpack_sharing_enabled":true,"jetpack_shortlink":"https:\/\/wp.me\/PgZF6z-4aV","_links":{"self":[{"href":"https:\/\/ipso.ro\/en\/wp-json\/wp\/v2\/pages\/16053","targetHints":{"allow":["GET"]}}],"collection":[{"href":"https:\/\/ipso.ro\/en\/wp-json\/wp\/v2\/pages"}],"about":[{"href":"https:\/\/ipso.ro\/en\/wp-json\/wp\/v2\/types\/page"}],"author":[{"embeddable":true,"href":"https:\/\/ipso.ro\/en\/wp-json\/wp\/v2\/users\/12"}],"replies":[{"embeddable":true,"href":"https:\/\/ipso.ro\/en\/wp-json\/wp\/v2\/comments?post=16053"}],"version-history":[{"count":15,"href":"https:\/\/ipso.ro\/en\/wp-json\/wp\/v2\/pages\/16053\/revisions"}],"predecessor-version":[{"id":16198,"href":"https:\/\/ipso.ro\/en\/wp-json\/wp\/v2\/pages\/16053\/revisions\/16198"}],"wp:attachment":[{"href":"https:\/\/ipso.ro\/en\/wp-json\/wp\/v2\/media?parent=16053"}],"curies":[{"name":"wp","href":"https:\/\/api.w.org\/{rel}","templated":true}]}}