{"id":15275,"date":"2026-03-30T09:17:54","date_gmt":"2026-03-30T07:17:54","guid":{"rendered":"https:\/\/ipso.ro\/?page_id=15275"},"modified":"2026-03-30T09:21:44","modified_gmt":"2026-03-30T07:21:44","slug":"danut-costache","status":"publish","type":"page","link":"https:\/\/ipso.ro\/en\/despre-noi\/companie\/danut-costache\/","title":{"rendered":"D\u0103nu\u021b Costache"},"content":{"rendered":"<div data-elementor-type=\"wp-page\" data-elementor-id=\"15275\" class=\"elementor elementor-15275\" data-elementor-post-type=\"page\">\n\t\t\t\t<div class=\"elementor-element elementor-element-10fae63 e-flex e-con-boxed e-con e-parent\" data-id=\"10fae63\" data-element_type=\"container\" data-e-type=\"container\">\n\t\t\t\t\t<div class=\"e-con-inner\">\n\t\t\t\t<div class=\"elementor-element elementor-element-14fbf72 elementor-widget elementor-widget-text-editor\" data-id=\"14fbf72\" data-element_type=\"widget\" data-e-type=\"widget\" data-widget_type=\"text-editor.default\">\n\t\t\t\t\t\t\t\t\t<p><a href=\"https:\/\/ipso.ro\/en\/about-us\/company\/#echipa\"><strong>\u2190 \u00cenapoi la Echip\u0103<\/strong><\/a><\/p>\t\t\t\t\t\t\t\t<\/div>\n\t\t\t\t\t<\/div>\n\t\t\t\t<\/div>\n\t\t<div class=\"elementor-element elementor-element-76220d5 e-flex e-con-boxed e-con e-parent\" data-id=\"76220d5\" data-element_type=\"container\" data-e-type=\"container\">\n\t\t\t\t\t<div class=\"e-con-inner\">\n\t\t<div class=\"elementor-element elementor-element-31b57aa e-con-full e-flex e-con e-child\" data-id=\"31b57aa\" data-element_type=\"container\" data-e-type=\"container\">\n\t\t\t\t<div class=\"elementor-element elementor-element-38d108d elementor-widget elementor-widget-image\" data-id=\"38d108d\" data-element_type=\"widget\" data-e-type=\"widget\" data-widget_type=\"image.default\">\n\t\t\t\t\t\t\t\t\t\t\t\t\t\t\t<img fetchpriority=\"high\" decoding=\"async\" width=\"1400\" height=\"1400\" src=\"https:\/\/i0.wp.com\/ipso.ro\/wp-content\/uploads\/2026\/03\/Danut-Costache.webp?fit=1400%2C1400&amp;ssl=1\" class=\"attachment-full size-full wp-image-15102\" alt=\"Danut Costache - Manager Iriga\u021bii\" srcset=\"https:\/\/i0.wp.com\/ipso.ro\/wp-content\/uploads\/2026\/03\/Danut-Costache.webp?w=1400&amp;ssl=1 1400w, https:\/\/i0.wp.com\/ipso.ro\/wp-content\/uploads\/2026\/03\/Danut-Costache.webp?resize=300%2C300&amp;ssl=1 300w, https:\/\/i0.wp.com\/ipso.ro\/wp-content\/uploads\/2026\/03\/Danut-Costache.webp?resize=1024%2C1024&amp;ssl=1 1024w, https:\/\/i0.wp.com\/ipso.ro\/wp-content\/uploads\/2026\/03\/Danut-Costache.webp?resize=150%2C150&amp;ssl=1 150w, https:\/\/i0.wp.com\/ipso.ro\/wp-content\/uploads\/2026\/03\/Danut-Costache.webp?resize=768%2C768&amp;ssl=1 768w, https:\/\/i0.wp.com\/ipso.ro\/wp-content\/uploads\/2026\/03\/Danut-Costache.webp?resize=12%2C12&amp;ssl=1 12w, https:\/\/i0.wp.com\/ipso.ro\/wp-content\/uploads\/2026\/03\/Danut-Costache.webp?resize=600%2C600&amp;ssl=1 600w, https:\/\/i0.wp.com\/ipso.ro\/wp-content\/uploads\/2026\/03\/Danut-Costache.webp?resize=100%2C100&amp;ssl=1 100w\" sizes=\"(max-width: 800px) 100vw, 800px\" \/>\t\t\t\t\t\t\t\t\t\t\t\t\t\t\t<\/div>\n\t\t\t\t<\/div>\n\t\t<div class=\"elementor-element elementor-element-6d45305 e-con-full e-flex e-con e-child\" data-id=\"6d45305\" data-element_type=\"container\" data-e-type=\"container\">\n\t\t\t\t<div class=\"elementor-element elementor-element-cacbae8 elementor-widget elementor-widget-heading\" data-id=\"cacbae8\" data-element_type=\"widget\" data-e-type=\"widget\" data-widget_type=\"heading.default\">\n\t\t\t\t\t<h1 class=\"elementor-heading-title elementor-size-default\">D\u0103nu\u021b Costache<\/h1>\t\t\t\t<\/div>\n\t\t\t\t<div class=\"elementor-element elementor-element-0547e23 elementor-widget elementor-widget-heading\" data-id=\"0547e23\" data-element_type=\"widget\" data-e-type=\"widget\" data-widget_type=\"heading.default\">\n\t\t\t\t\t<h3 class=\"elementor-heading-title elementor-size-default\">Manager Iriga\u021bii<\/h3>\t\t\t\t<\/div>\n\t\t\t\t<div class=\"elementor-element elementor-element-f82d18d elementor-widget elementor-widget-text-editor\" data-id=\"f82d18d\" data-element_type=\"widget\" data-e-type=\"widget\" data-widget_type=\"text-editor.default\">\n\t\t\t\t\t\t\t\t\t<p>Cu aproape 20 de ani de experien\u021b\u0103 \u00een zona comercial\u0103, inclusiv peste 12 ani \u00een func\u021bii de conducere, Danut s-a al\u0103turat echipei IPSO Iriga\u021bii \u00een 2023, contribuind activ la furnizarea de solu\u021bii optime pentru iriga\u021bii ce sprijin\u0103 recolte bogate \u0219i eficien\u021b\u0103 \u00een utilizarea resurselor.<\/p><p><strong>Viziunea sa:<\/strong> <em>&#8222;Doresc s\u0103 cosolidez pozitia IPSO ca etalon al calit\u0103\u021bii \u00een iriga\u021bii, prin produse \u0219i servicii premium, prin gasirea de solu\u021bii eficiente care sa fie aproape de nevoile fermierilor, astfel incat sa asiguram o predictibilitate a recoltei si sa gestionam responsabil apa, sus\u021bin\u00e2nd astfel agricultura durabil\u0103 in Rom\u00e2nia.&#8221;<\/em><\/p>\t\t\t\t\t\t\t\t<\/div>\n\t\t\t\t<\/div>\n\t\t\t\t\t<\/div>\n\t\t\t\t<\/div>\n\t\t\t\t<\/div>","protected":false},"excerpt":{"rendered":"<p>\u2190 \u00cenapoi la Echip\u0103 D\u0103nu\u021b Costache Manager Iriga\u021bii Cu aproape 20 de ani de experien\u021b\u0103 \u00een zona comercial\u0103, inclusiv peste 12 ani \u00een func\u021bii de conducere, Danut s-a al\u0103turat echipei IPSO Iriga\u021bii \u00een 2023, contribuind activ la furnizarea de solu\u021bii optime pentru iriga\u021bii ce sprijin\u0103 recolte bogate \u0219i eficien\u021b\u0103 \u00een utilizarea resurselor. Viziunea sa: &#8222;Doresc [&hellip;]<\/p>\n","protected":false},"author":12,"featured_media":0,"parent":857,"menu_order":0,"comment_status":"closed","ping_status":"closed","template":"","meta":{"_crdt_document":"","footnotes":""},"class_list":["post-15275","page","type-page","status-publish","hentry"],"yoast_head":"<!-- This site is optimized with the Yoast SEO plugin v27.6 - https:\/\/yoast.com\/product\/yoast-seo-wordpress\/ -->\n<title>D\u0103nu\u021b Costache - IPSO<\/title>\n<meta name=\"robots\" content=\"index, follow, max-snippet:-1, max-image-preview:large, max-video-preview:-1\" \/>\n<link rel=\"canonical\" href=\"https:\/\/ipso.ro\/en\/about-us\/company\/danut-costache\/\" \/>\n<meta property=\"og:locale\" content=\"en_GB\" \/>\n<meta property=\"og:type\" content=\"article\" \/>\n<meta property=\"og:title\" content=\"D\u0103nu\u021b Costache - IPSO\" \/>\n<meta property=\"og:description\" content=\"\u2190 \u00cenapoi la Echip\u0103 D\u0103nu\u021b Costache Manager Iriga\u021bii Cu aproape 20 de ani de experien\u021b\u0103 \u00een zona comercial\u0103, inclusiv peste 12 ani \u00een func\u021bii de conducere, Danut s-a al\u0103turat echipei IPSO Iriga\u021bii \u00een 2023, contribuind activ la furnizarea de solu\u021bii optime pentru iriga\u021bii ce sprijin\u0103 recolte bogate \u0219i eficien\u021b\u0103 \u00een utilizarea resurselor. Viziunea sa: &#8222;Doresc [&hellip;]\" \/>\n<meta property=\"og:url\" content=\"https:\/\/ipso.ro\/en\/about-us\/company\/danut-costache\/\" \/>\n<meta property=\"og:site_name\" content=\"IPSO\" \/>\n<meta property=\"article:publisher\" content=\"https:\/\/www.facebook.com\/IPSOAgricultura\" \/>\n<meta property=\"article:modified_time\" content=\"2026-03-30T07:21:44+00:00\" \/>\n<meta property=\"og:image\" content=\"https:\/\/ipso.ro\/wp-content\/uploads\/2026\/03\/Danut-Costache.webp\" \/>\n<meta name=\"twitter:card\" content=\"summary_large_image\" \/>\n<meta name=\"twitter:label1\" content=\"Estimated reading time\" \/>\n\t<meta name=\"twitter:data1\" content=\"1 minute\" \/>\n<script type=\"application\/ld+json\" class=\"yoast-schema-graph\">{\"@context\":\"https:\\\/\\\/schema.org\",\"@graph\":[{\"@type\":\"WebPage\",\"@id\":\"https:\\\/\\\/ipso.ro\\\/despre-noi\\\/companie\\\/danut-costache\\\/\",\"url\":\"https:\\\/\\\/ipso.ro\\\/despre-noi\\\/companie\\\/danut-costache\\\/\",\"name\":\"D\u0103nu\u021b Costache - IPSO\",\"isPartOf\":{\"@id\":\"https:\\\/\\\/ipso.ro\\\/#website\"},\"primaryImageOfPage\":{\"@id\":\"https:\\\/\\\/ipso.ro\\\/despre-noi\\\/companie\\\/danut-costache\\\/#primaryimage\"},\"image\":{\"@id\":\"https:\\\/\\\/ipso.ro\\\/despre-noi\\\/companie\\\/danut-costache\\\/#primaryimage\"},\"thumbnailUrl\":\"https:\\\/\\\/ipso.ro\\\/wp-content\\\/uploads\\\/2026\\\/03\\\/Danut-Costache.webp\",\"datePublished\":\"2026-03-30T07:17:54+00:00\",\"dateModified\":\"2026-03-30T07:21:44+00:00\",\"breadcrumb\":{\"@id\":\"https:\\\/\\\/ipso.ro\\\/despre-noi\\\/companie\\\/danut-costache\\\/#breadcrumb\"},\"inLanguage\":\"en-GB\",\"potentialAction\":[{\"@type\":\"ReadAction\",\"target\":[\"https:\\\/\\\/ipso.ro\\\/despre-noi\\\/companie\\\/danut-costache\\\/\"]}]},{\"@type\":\"ImageObject\",\"inLanguage\":\"en-GB\",\"@id\":\"https:\\\/\\\/ipso.ro\\\/despre-noi\\\/companie\\\/danut-costache\\\/#primaryimage\",\"url\":\"https:\\\/\\\/ipso.ro\\\/wp-content\\\/uploads\\\/2026\\\/03\\\/Danut-Costache.webp\",\"contentUrl\":\"https:\\\/\\\/ipso.ro\\\/wp-content\\\/uploads\\\/2026\\\/03\\\/Danut-Costache.webp\"},{\"@type\":\"BreadcrumbList\",\"@id\":\"https:\\\/\\\/ipso.ro\\\/despre-noi\\\/companie\\\/danut-costache\\\/#breadcrumb\",\"itemListElement\":[{\"@type\":\"ListItem\",\"position\":1,\"name\":\"Home\",\"item\":\"https:\\\/\\\/ipso.ro\\\/\"},{\"@type\":\"ListItem\",\"position\":2,\"name\":\"Despre noi\",\"item\":\"https:\\\/\\\/ipso.ro\\\/despre-noi\\\/\"},{\"@type\":\"ListItem\",\"position\":3,\"name\":\"Companie\",\"item\":\"https:\\\/\\\/ipso.ro\\\/despre-noi\\\/companie\\\/\"},{\"@type\":\"ListItem\",\"position\":4,\"name\":\"D\u0103nu\u021b Costache\"}]},{\"@type\":\"WebSite\",\"@id\":\"https:\\\/\\\/ipso.ro\\\/#website\",\"url\":\"https:\\\/\\\/ipso.ro\\\/\",\"name\":\"IPSO\",\"description\":\"\",\"publisher\":{\"@id\":\"https:\\\/\\\/ipso.ro\\\/#organization\"},\"potentialAction\":[{\"@type\":\"SearchAction\",\"target\":{\"@type\":\"EntryPoint\",\"urlTemplate\":\"https:\\\/\\\/ipso.ro\\\/?s={search_term_string}\"},\"query-input\":{\"@type\":\"PropertyValueSpecification\",\"valueRequired\":true,\"valueName\":\"search_term_string\"}}],\"inLanguage\":\"en-GB\"},{\"@type\":\"Organization\",\"@id\":\"https:\\\/\\\/ipso.ro\\\/#organization\",\"name\":\"IPSO\",\"url\":\"https:\\\/\\\/ipso.ro\\\/\",\"logo\":{\"@type\":\"ImageObject\",\"inLanguage\":\"en-GB\",\"@id\":\"https:\\\/\\\/ipso.ro\\\/#\\\/schema\\\/logo\\\/image\\\/\",\"url\":\"https:\\\/\\\/ipso.ro\\\/wp-content\\\/uploads\\\/2025\\\/12\\\/IPSO-logo-resized.png\",\"contentUrl\":\"https:\\\/\\\/ipso.ro\\\/wp-content\\\/uploads\\\/2025\\\/12\\\/IPSO-logo-resized.png\",\"width\":1188,\"height\":327,\"caption\":\"IPSO\"},\"image\":{\"@id\":\"https:\\\/\\\/ipso.ro\\\/#\\\/schema\\\/logo\\\/image\\\/\"},\"sameAs\":[\"https:\\\/\\\/www.facebook.com\\\/IPSOAgricultura\"]}]}<\/script>\n<!-- \/ Yoast SEO plugin. -->","yoast_head_json":{"title":"D\u0103nu\u021b Costache - IPSO","robots":{"index":"index","follow":"follow","max-snippet":"max-snippet:-1","max-image-preview":"max-image-preview:large","max-video-preview":"max-video-preview:-1"},"canonical":"https:\/\/ipso.ro\/en\/about-us\/company\/danut-costache\/","og_locale":"en_GB","og_type":"article","og_title":"D\u0103nu\u021b Costache - IPSO","og_description":"\u2190 \u00cenapoi la Echip\u0103 D\u0103nu\u021b Costache Manager Iriga\u021bii Cu aproape 20 de ani de experien\u021b\u0103 \u00een zona comercial\u0103, inclusiv peste 12 ani \u00een func\u021bii de conducere, Danut s-a al\u0103turat echipei IPSO Iriga\u021bii \u00een 2023, contribuind activ la furnizarea de solu\u021bii optime pentru iriga\u021bii ce sprijin\u0103 recolte bogate \u0219i eficien\u021b\u0103 \u00een utilizarea resurselor. Viziunea sa: &#8222;Doresc [&hellip;]","og_url":"https:\/\/ipso.ro\/en\/about-us\/company\/danut-costache\/","og_site_name":"IPSO","article_publisher":"https:\/\/www.facebook.com\/IPSOAgricultura","article_modified_time":"2026-03-30T07:21:44+00:00","og_image":[{"url":"https:\/\/ipso.ro\/wp-content\/uploads\/2026\/03\/Danut-Costache.webp","type":"","width":"","height":""}],"twitter_card":"summary_large_image","twitter_misc":{"Estimated reading time":"1 minute"},"schema":{"@context":"https:\/\/schema.org","@graph":[{"@type":"WebPage","@id":"https:\/\/ipso.ro\/despre-noi\/companie\/danut-costache\/","url":"https:\/\/ipso.ro\/despre-noi\/companie\/danut-costache\/","name":"D\u0103nu\u021b Costache - IPSO","isPartOf":{"@id":"https:\/\/ipso.ro\/#website"},"primaryImageOfPage":{"@id":"https:\/\/ipso.ro\/despre-noi\/companie\/danut-costache\/#primaryimage"},"image":{"@id":"https:\/\/ipso.ro\/despre-noi\/companie\/danut-costache\/#primaryimage"},"thumbnailUrl":"https:\/\/ipso.ro\/wp-content\/uploads\/2026\/03\/Danut-Costache.webp","datePublished":"2026-03-30T07:17:54+00:00","dateModified":"2026-03-30T07:21:44+00:00","breadcrumb":{"@id":"https:\/\/ipso.ro\/despre-noi\/companie\/danut-costache\/#breadcrumb"},"inLanguage":"en-GB","potentialAction":[{"@type":"ReadAction","target":["https:\/\/ipso.ro\/despre-noi\/companie\/danut-costache\/"]}]},{"@type":"ImageObject","inLanguage":"en-GB","@id":"https:\/\/ipso.ro\/despre-noi\/companie\/danut-costache\/#primaryimage","url":"https:\/\/ipso.ro\/wp-content\/uploads\/2026\/03\/Danut-Costache.webp","contentUrl":"https:\/\/ipso.ro\/wp-content\/uploads\/2026\/03\/Danut-Costache.webp"},{"@type":"BreadcrumbList","@id":"https:\/\/ipso.ro\/despre-noi\/companie\/danut-costache\/#breadcrumb","itemListElement":[{"@type":"ListItem","position":1,"name":"Home","item":"https:\/\/ipso.ro\/"},{"@type":"ListItem","position":2,"name":"Despre noi","item":"https:\/\/ipso.ro\/despre-noi\/"},{"@type":"ListItem","position":3,"name":"Companie","item":"https:\/\/ipso.ro\/despre-noi\/companie\/"},{"@type":"ListItem","position":4,"name":"D\u0103nu\u021b Costache"}]},{"@type":"WebSite","@id":"https:\/\/ipso.ro\/#website","url":"https:\/\/ipso.ro\/","name":"IPSO","description":"","publisher":{"@id":"https:\/\/ipso.ro\/#organization"},"potentialAction":[{"@type":"SearchAction","target":{"@type":"EntryPoint","urlTemplate":"https:\/\/ipso.ro\/?s={search_term_string}"},"query-input":{"@type":"PropertyValueSpecification","valueRequired":true,"valueName":"search_term_string"}}],"inLanguage":"en-GB"},{"@type":"Organization","@id":"https:\/\/ipso.ro\/#organization","name":"IPSO","url":"https:\/\/ipso.ro\/","logo":{"@type":"ImageObject","inLanguage":"en-GB","@id":"https:\/\/ipso.ro\/#\/schema\/logo\/image\/","url":"https:\/\/ipso.ro\/wp-content\/uploads\/2025\/12\/IPSO-logo-resized.png","contentUrl":"https:\/\/ipso.ro\/wp-content\/uploads\/2025\/12\/IPSO-logo-resized.png","width":1188,"height":327,"caption":"IPSO"},"image":{"@id":"https:\/\/ipso.ro\/#\/schema\/logo\/image\/"},"sameAs":["https:\/\/www.facebook.com\/IPSOAgricultura"]}]}},"jetpack_sharing_enabled":true,"jetpack_shortlink":"https:\/\/wp.me\/PgZF6z-3Yn","_links":{"self":[{"href":"https:\/\/ipso.ro\/en\/wp-json\/wp\/v2\/pages\/15275","targetHints":{"allow":["GET"]}}],"collection":[{"href":"https:\/\/ipso.ro\/en\/wp-json\/wp\/v2\/pages"}],"about":[{"href":"https:\/\/ipso.ro\/en\/wp-json\/wp\/v2\/types\/page"}],"author":[{"embeddable":true,"href":"https:\/\/ipso.ro\/en\/wp-json\/wp\/v2\/users\/12"}],"replies":[{"embeddable":true,"href":"https:\/\/ipso.ro\/en\/wp-json\/wp\/v2\/comments?post=15275"}],"version-history":[{"count":4,"href":"https:\/\/ipso.ro\/en\/wp-json\/wp\/v2\/pages\/15275\/revisions"}],"predecessor-version":[{"id":15279,"href":"https:\/\/ipso.ro\/en\/wp-json\/wp\/v2\/pages\/15275\/revisions\/15279"}],"up":[{"embeddable":true,"href":"https:\/\/ipso.ro\/en\/wp-json\/wp\/v2\/pages\/857"}],"wp:attachment":[{"href":"https:\/\/ipso.ro\/en\/wp-json\/wp\/v2\/media?parent=15275"}],"curies":[{"name":"wp","href":"https:\/\/api.w.org\/{rel}","templated":true}]}}