{"id":15260,"date":"2026-03-30T09:12:58","date_gmt":"2026-03-30T07:12:58","guid":{"rendered":"https:\/\/ipso.ro\/?page_id=15260"},"modified":"2026-03-30T09:16:26","modified_gmt":"2026-03-30T07:16:26","slug":"bogdan-popescu","status":"publish","type":"page","link":"https:\/\/ipso.ro\/en\/despre-noi\/companie\/bogdan-popescu\/","title":{"rendered":"Bogdan Popescu"},"content":{"rendered":"<div data-elementor-type=\"wp-page\" data-elementor-id=\"15260\" class=\"elementor elementor-15260\" data-elementor-post-type=\"page\">\n\t\t\t\t<div class=\"elementor-element elementor-element-10fae63 e-flex e-con-boxed e-con e-parent\" data-id=\"10fae63\" data-element_type=\"container\" data-e-type=\"container\">\n\t\t\t\t\t<div class=\"e-con-inner\">\n\t\t\t\t<div class=\"elementor-element elementor-element-14fbf72 elementor-widget elementor-widget-text-editor\" data-id=\"14fbf72\" data-element_type=\"widget\" data-e-type=\"widget\" data-widget_type=\"text-editor.default\">\n\t\t\t\t\t\t\t\t\t<p><a href=\"https:\/\/ipso.ro\/en\/about-us\/company\/#echipa\"><strong>\u2190 \u00cenapoi la Echip\u0103<\/strong><\/a><\/p>\t\t\t\t\t\t\t\t<\/div>\n\t\t\t\t\t<\/div>\n\t\t\t\t<\/div>\n\t\t<div class=\"elementor-element elementor-element-76220d5 e-flex e-con-boxed e-con e-parent\" data-id=\"76220d5\" data-element_type=\"container\" data-e-type=\"container\">\n\t\t\t\t\t<div class=\"e-con-inner\">\n\t\t<div class=\"elementor-element elementor-element-31b57aa e-con-full e-flex e-con e-child\" data-id=\"31b57aa\" data-element_type=\"container\" data-e-type=\"container\">\n\t\t\t\t<div class=\"elementor-element elementor-element-38d108d elementor-widget elementor-widget-image\" data-id=\"38d108d\" data-element_type=\"widget\" data-e-type=\"widget\" data-widget_type=\"image.default\">\n\t\t\t\t\t\t\t\t\t\t\t\t\t\t\t<img fetchpriority=\"high\" decoding=\"async\" width=\"800\" height=\"800\" src=\"https:\/\/i0.wp.com\/ipso.ro\/wp-content\/uploads\/2026\/03\/2.webp?fit=800%2C800&amp;ssl=1\" class=\"attachment-full size-full wp-image-15097\" alt=\"Manager Precision Technology\" srcset=\"https:\/\/i0.wp.com\/ipso.ro\/wp-content\/uploads\/2026\/03\/2.webp?w=800&amp;ssl=1 800w, https:\/\/i0.wp.com\/ipso.ro\/wp-content\/uploads\/2026\/03\/2.webp?resize=300%2C300&amp;ssl=1 300w, https:\/\/i0.wp.com\/ipso.ro\/wp-content\/uploads\/2026\/03\/2.webp?resize=150%2C150&amp;ssl=1 150w, https:\/\/i0.wp.com\/ipso.ro\/wp-content\/uploads\/2026\/03\/2.webp?resize=768%2C768&amp;ssl=1 768w, https:\/\/i0.wp.com\/ipso.ro\/wp-content\/uploads\/2026\/03\/2.webp?resize=12%2C12&amp;ssl=1 12w, https:\/\/i0.wp.com\/ipso.ro\/wp-content\/uploads\/2026\/03\/2.webp?resize=600%2C600&amp;ssl=1 600w, https:\/\/i0.wp.com\/ipso.ro\/wp-content\/uploads\/2026\/03\/2.webp?resize=100%2C100&amp;ssl=1 100w\" sizes=\"(max-width: 800px) 100vw, 800px\" \/>\t\t\t\t\t\t\t\t\t\t\t\t\t\t\t<\/div>\n\t\t\t\t<\/div>\n\t\t<div class=\"elementor-element elementor-element-6d45305 e-con-full e-flex e-con e-child\" data-id=\"6d45305\" data-element_type=\"container\" data-e-type=\"container\">\n\t\t\t\t<div class=\"elementor-element elementor-element-cacbae8 elementor-widget elementor-widget-heading\" data-id=\"cacbae8\" data-element_type=\"widget\" data-e-type=\"widget\" data-widget_type=\"heading.default\">\n\t\t\t\t\t<h1 class=\"elementor-heading-title elementor-size-default\">Bogdan Popescu <\/h1>\t\t\t\t<\/div>\n\t\t\t\t<div class=\"elementor-element elementor-element-0547e23 elementor-widget elementor-widget-heading\" data-id=\"0547e23\" data-element_type=\"widget\" data-e-type=\"widget\" data-widget_type=\"heading.default\">\n\t\t\t\t\t<h3 class=\"elementor-heading-title elementor-size-default\">Manager Precision Technology<\/h3>\t\t\t\t<\/div>\n\t\t\t\t<div class=\"elementor-element elementor-element-f82d18d elementor-widget elementor-widget-text-editor\" data-id=\"f82d18d\" data-element_type=\"widget\" data-e-type=\"widget\" data-widget_type=\"text-editor.default\">\n\t\t\t\t\t\t\t\t\t<p>Bogdan este absolvent al Facult\u0103\u021bii de Geodezie din cadrul Universit\u0103\u021bii Tehnice de Construc\u021bii Bucure\u0219ti \u0219i \u0219i-a \u00eenceput cariera ca inginer geodez.<\/p><p>Din 2014 face parte din grupul Monnoyeur, unde timp de 11 ani a activat \u00een cadrul SITECH Rom\u00e2nia Construction Technology, companie specializat\u0103 \u00een implementarea tehnologiei \u0219i digitalizarea \u0219antierelor de construc\u021bii. Aici a parcurs etape de dezvoltare profesional\u0103 de la inginer aplica\u021bii, la reprezentant tehnico-comercial, manager de v\u00e2nz\u0103ri \u0219i, \u00een ultimii trei ani, director al activit\u0103\u021bii din Rom\u00e2nia.<\/p><p>\u00cen rolul actual, are responsabilitatea de a defini \u0219i implementa strategia de agricultur\u0103 de precizie la nivelul diviziei de agricultur\u0103 a grupului, precum \u0219i de a gestiona dezvoltarea \u0219i implementarea solu\u021biilor tehnologice adaptate nevoilor fermierilor.<\/p><p><strong>Viziunea sa<\/strong> <em>este de a sprijini agricultura prin inova\u021bie \u0219i eficien\u021b\u0103, contribuind la o agricultur\u0103 sustenabil\u0103 \u0219i performant\u0103.<\/em><\/p>\t\t\t\t\t\t\t\t<\/div>\n\t\t\t\t<\/div>\n\t\t\t\t\t<\/div>\n\t\t\t\t<\/div>\n\t\t\t\t<\/div>","protected":false},"excerpt":{"rendered":"<p>\u2190 \u00cenapoi la Echip\u0103 Bogdan Popescu Manager Precision Technology Bogdan este absolvent al Facult\u0103\u021bii de Geodezie din cadrul Universit\u0103\u021bii Tehnice de Construc\u021bii Bucure\u0219ti \u0219i \u0219i-a \u00eenceput cariera ca inginer geodez. Din 2014 face parte din grupul Monnoyeur, unde timp de 11 ani a activat \u00een cadrul SITECH Rom\u00e2nia Construction Technology, companie specializat\u0103 \u00een implementarea tehnologiei [&hellip;]<\/p>\n","protected":false},"author":12,"featured_media":0,"parent":857,"menu_order":0,"comment_status":"closed","ping_status":"closed","template":"","meta":{"_crdt_document":"","footnotes":""},"class_list":["post-15260","page","type-page","status-publish","hentry"],"yoast_head":"<!-- This site is optimized with the Yoast SEO plugin v27.6 - https:\/\/yoast.com\/product\/yoast-seo-wordpress\/ -->\n<title>Bogdan Popescu - IPSO<\/title>\n<meta name=\"robots\" content=\"index, follow, max-snippet:-1, max-image-preview:large, max-video-preview:-1\" \/>\n<link rel=\"canonical\" href=\"https:\/\/ipso.ro\/en\/about-us\/company\/bogdan-popescu\/\" \/>\n<meta property=\"og:locale\" content=\"en_GB\" \/>\n<meta property=\"og:type\" content=\"article\" \/>\n<meta property=\"og:title\" content=\"Bogdan Popescu - IPSO\" \/>\n<meta property=\"og:description\" content=\"\u2190 \u00cenapoi la Echip\u0103 Bogdan Popescu Manager Precision Technology Bogdan este absolvent al Facult\u0103\u021bii de Geodezie din cadrul Universit\u0103\u021bii Tehnice de Construc\u021bii Bucure\u0219ti \u0219i \u0219i-a \u00eenceput cariera ca inginer geodez. Din 2014 face parte din grupul Monnoyeur, unde timp de 11 ani a activat \u00een cadrul SITECH Rom\u00e2nia Construction Technology, companie specializat\u0103 \u00een implementarea tehnologiei [&hellip;]\" \/>\n<meta property=\"og:url\" content=\"https:\/\/ipso.ro\/en\/about-us\/company\/bogdan-popescu\/\" \/>\n<meta property=\"og:site_name\" content=\"IPSO\" \/>\n<meta property=\"article:publisher\" content=\"https:\/\/www.facebook.com\/IPSOAgricultura\" \/>\n<meta property=\"article:modified_time\" content=\"2026-03-30T07:16:26+00:00\" \/>\n<meta property=\"og:image\" content=\"https:\/\/ipso.ro\/wp-content\/uploads\/2026\/03\/2.webp\" \/>\n<meta name=\"twitter:card\" content=\"summary_large_image\" \/>\n<meta name=\"twitter:label1\" content=\"Estimated reading time\" \/>\n\t<meta name=\"twitter:data1\" content=\"1 minute\" \/>\n<script type=\"application\/ld+json\" class=\"yoast-schema-graph\">{\"@context\":\"https:\\\/\\\/schema.org\",\"@graph\":[{\"@type\":\"WebPage\",\"@id\":\"https:\\\/\\\/ipso.ro\\\/despre-noi\\\/companie\\\/bogdan-popescu\\\/\",\"url\":\"https:\\\/\\\/ipso.ro\\\/despre-noi\\\/companie\\\/bogdan-popescu\\\/\",\"name\":\"Bogdan Popescu - IPSO\",\"isPartOf\":{\"@id\":\"https:\\\/\\\/ipso.ro\\\/#website\"},\"primaryImageOfPage\":{\"@id\":\"https:\\\/\\\/ipso.ro\\\/despre-noi\\\/companie\\\/bogdan-popescu\\\/#primaryimage\"},\"image\":{\"@id\":\"https:\\\/\\\/ipso.ro\\\/despre-noi\\\/companie\\\/bogdan-popescu\\\/#primaryimage\"},\"thumbnailUrl\":\"https:\\\/\\\/ipso.ro\\\/wp-content\\\/uploads\\\/2026\\\/03\\\/2.webp\",\"datePublished\":\"2026-03-30T07:12:58+00:00\",\"dateModified\":\"2026-03-30T07:16:26+00:00\",\"breadcrumb\":{\"@id\":\"https:\\\/\\\/ipso.ro\\\/despre-noi\\\/companie\\\/bogdan-popescu\\\/#breadcrumb\"},\"inLanguage\":\"en-GB\",\"potentialAction\":[{\"@type\":\"ReadAction\",\"target\":[\"https:\\\/\\\/ipso.ro\\\/despre-noi\\\/companie\\\/bogdan-popescu\\\/\"]}]},{\"@type\":\"ImageObject\",\"inLanguage\":\"en-GB\",\"@id\":\"https:\\\/\\\/ipso.ro\\\/despre-noi\\\/companie\\\/bogdan-popescu\\\/#primaryimage\",\"url\":\"https:\\\/\\\/ipso.ro\\\/wp-content\\\/uploads\\\/2026\\\/03\\\/2.webp\",\"contentUrl\":\"https:\\\/\\\/ipso.ro\\\/wp-content\\\/uploads\\\/2026\\\/03\\\/2.webp\"},{\"@type\":\"BreadcrumbList\",\"@id\":\"https:\\\/\\\/ipso.ro\\\/despre-noi\\\/companie\\\/bogdan-popescu\\\/#breadcrumb\",\"itemListElement\":[{\"@type\":\"ListItem\",\"position\":1,\"name\":\"Home\",\"item\":\"https:\\\/\\\/ipso.ro\\\/\"},{\"@type\":\"ListItem\",\"position\":2,\"name\":\"Despre noi\",\"item\":\"https:\\\/\\\/ipso.ro\\\/despre-noi\\\/\"},{\"@type\":\"ListItem\",\"position\":3,\"name\":\"Companie\",\"item\":\"https:\\\/\\\/ipso.ro\\\/despre-noi\\\/companie\\\/\"},{\"@type\":\"ListItem\",\"position\":4,\"name\":\"Bogdan Popescu\"}]},{\"@type\":\"WebSite\",\"@id\":\"https:\\\/\\\/ipso.ro\\\/#website\",\"url\":\"https:\\\/\\\/ipso.ro\\\/\",\"name\":\"IPSO\",\"description\":\"\",\"publisher\":{\"@id\":\"https:\\\/\\\/ipso.ro\\\/#organization\"},\"potentialAction\":[{\"@type\":\"SearchAction\",\"target\":{\"@type\":\"EntryPoint\",\"urlTemplate\":\"https:\\\/\\\/ipso.ro\\\/?s={search_term_string}\"},\"query-input\":{\"@type\":\"PropertyValueSpecification\",\"valueRequired\":true,\"valueName\":\"search_term_string\"}}],\"inLanguage\":\"en-GB\"},{\"@type\":\"Organization\",\"@id\":\"https:\\\/\\\/ipso.ro\\\/#organization\",\"name\":\"IPSO\",\"url\":\"https:\\\/\\\/ipso.ro\\\/\",\"logo\":{\"@type\":\"ImageObject\",\"inLanguage\":\"en-GB\",\"@id\":\"https:\\\/\\\/ipso.ro\\\/#\\\/schema\\\/logo\\\/image\\\/\",\"url\":\"https:\\\/\\\/ipso.ro\\\/wp-content\\\/uploads\\\/2025\\\/12\\\/IPSO-logo-resized.png\",\"contentUrl\":\"https:\\\/\\\/ipso.ro\\\/wp-content\\\/uploads\\\/2025\\\/12\\\/IPSO-logo-resized.png\",\"width\":1188,\"height\":327,\"caption\":\"IPSO\"},\"image\":{\"@id\":\"https:\\\/\\\/ipso.ro\\\/#\\\/schema\\\/logo\\\/image\\\/\"},\"sameAs\":[\"https:\\\/\\\/www.facebook.com\\\/IPSOAgricultura\"]}]}<\/script>\n<!-- \/ Yoast SEO plugin. -->","yoast_head_json":{"title":"Bogdan Popescu - IPSO","robots":{"index":"index","follow":"follow","max-snippet":"max-snippet:-1","max-image-preview":"max-image-preview:large","max-video-preview":"max-video-preview:-1"},"canonical":"https:\/\/ipso.ro\/en\/about-us\/company\/bogdan-popescu\/","og_locale":"en_GB","og_type":"article","og_title":"Bogdan Popescu - IPSO","og_description":"\u2190 \u00cenapoi la Echip\u0103 Bogdan Popescu Manager Precision Technology Bogdan este absolvent al Facult\u0103\u021bii de Geodezie din cadrul Universit\u0103\u021bii Tehnice de Construc\u021bii Bucure\u0219ti \u0219i \u0219i-a \u00eenceput cariera ca inginer geodez. Din 2014 face parte din grupul Monnoyeur, unde timp de 11 ani a activat \u00een cadrul SITECH Rom\u00e2nia Construction Technology, companie specializat\u0103 \u00een implementarea tehnologiei [&hellip;]","og_url":"https:\/\/ipso.ro\/en\/about-us\/company\/bogdan-popescu\/","og_site_name":"IPSO","article_publisher":"https:\/\/www.facebook.com\/IPSOAgricultura","article_modified_time":"2026-03-30T07:16:26+00:00","og_image":[{"url":"https:\/\/ipso.ro\/wp-content\/uploads\/2026\/03\/2.webp","type":"","width":"","height":""}],"twitter_card":"summary_large_image","twitter_misc":{"Estimated reading time":"1 minute"},"schema":{"@context":"https:\/\/schema.org","@graph":[{"@type":"WebPage","@id":"https:\/\/ipso.ro\/despre-noi\/companie\/bogdan-popescu\/","url":"https:\/\/ipso.ro\/despre-noi\/companie\/bogdan-popescu\/","name":"Bogdan Popescu - IPSO","isPartOf":{"@id":"https:\/\/ipso.ro\/#website"},"primaryImageOfPage":{"@id":"https:\/\/ipso.ro\/despre-noi\/companie\/bogdan-popescu\/#primaryimage"},"image":{"@id":"https:\/\/ipso.ro\/despre-noi\/companie\/bogdan-popescu\/#primaryimage"},"thumbnailUrl":"https:\/\/ipso.ro\/wp-content\/uploads\/2026\/03\/2.webp","datePublished":"2026-03-30T07:12:58+00:00","dateModified":"2026-03-30T07:16:26+00:00","breadcrumb":{"@id":"https:\/\/ipso.ro\/despre-noi\/companie\/bogdan-popescu\/#breadcrumb"},"inLanguage":"en-GB","potentialAction":[{"@type":"ReadAction","target":["https:\/\/ipso.ro\/despre-noi\/companie\/bogdan-popescu\/"]}]},{"@type":"ImageObject","inLanguage":"en-GB","@id":"https:\/\/ipso.ro\/despre-noi\/companie\/bogdan-popescu\/#primaryimage","url":"https:\/\/ipso.ro\/wp-content\/uploads\/2026\/03\/2.webp","contentUrl":"https:\/\/ipso.ro\/wp-content\/uploads\/2026\/03\/2.webp"},{"@type":"BreadcrumbList","@id":"https:\/\/ipso.ro\/despre-noi\/companie\/bogdan-popescu\/#breadcrumb","itemListElement":[{"@type":"ListItem","position":1,"name":"Home","item":"https:\/\/ipso.ro\/"},{"@type":"ListItem","position":2,"name":"Despre noi","item":"https:\/\/ipso.ro\/despre-noi\/"},{"@type":"ListItem","position":3,"name":"Companie","item":"https:\/\/ipso.ro\/despre-noi\/companie\/"},{"@type":"ListItem","position":4,"name":"Bogdan Popescu"}]},{"@type":"WebSite","@id":"https:\/\/ipso.ro\/#website","url":"https:\/\/ipso.ro\/","name":"IPSO","description":"","publisher":{"@id":"https:\/\/ipso.ro\/#organization"},"potentialAction":[{"@type":"SearchAction","target":{"@type":"EntryPoint","urlTemplate":"https:\/\/ipso.ro\/?s={search_term_string}"},"query-input":{"@type":"PropertyValueSpecification","valueRequired":true,"valueName":"search_term_string"}}],"inLanguage":"en-GB"},{"@type":"Organization","@id":"https:\/\/ipso.ro\/#organization","name":"IPSO","url":"https:\/\/ipso.ro\/","logo":{"@type":"ImageObject","inLanguage":"en-GB","@id":"https:\/\/ipso.ro\/#\/schema\/logo\/image\/","url":"https:\/\/ipso.ro\/wp-content\/uploads\/2025\/12\/IPSO-logo-resized.png","contentUrl":"https:\/\/ipso.ro\/wp-content\/uploads\/2025\/12\/IPSO-logo-resized.png","width":1188,"height":327,"caption":"IPSO"},"image":{"@id":"https:\/\/ipso.ro\/#\/schema\/logo\/image\/"},"sameAs":["https:\/\/www.facebook.com\/IPSOAgricultura"]}]}},"jetpack_sharing_enabled":true,"jetpack_shortlink":"https:\/\/wp.me\/PgZF6z-3Y8","_links":{"self":[{"href":"https:\/\/ipso.ro\/en\/wp-json\/wp\/v2\/pages\/15260","targetHints":{"allow":["GET"]}}],"collection":[{"href":"https:\/\/ipso.ro\/en\/wp-json\/wp\/v2\/pages"}],"about":[{"href":"https:\/\/ipso.ro\/en\/wp-json\/wp\/v2\/types\/page"}],"author":[{"embeddable":true,"href":"https:\/\/ipso.ro\/en\/wp-json\/wp\/v2\/users\/12"}],"replies":[{"embeddable":true,"href":"https:\/\/ipso.ro\/en\/wp-json\/wp\/v2\/comments?post=15260"}],"version-history":[{"count":10,"href":"https:\/\/ipso.ro\/en\/wp-json\/wp\/v2\/pages\/15260\/revisions"}],"predecessor-version":[{"id":15271,"href":"https:\/\/ipso.ro\/en\/wp-json\/wp\/v2\/pages\/15260\/revisions\/15271"}],"up":[{"embeddable":true,"href":"https:\/\/ipso.ro\/en\/wp-json\/wp\/v2\/pages\/857"}],"wp:attachment":[{"href":"https:\/\/ipso.ro\/en\/wp-json\/wp\/v2\/media?parent=15260"}],"curies":[{"name":"wp","href":"https:\/\/api.w.org\/{rel}","templated":true}]}}